{"id":474,"date":"2018-12-05T23:47:02","date_gmt":"2018-12-05T23:47:02","guid":{"rendered":"http:\/\/www.schulmann.hu\/istvan\/?page_id=474"},"modified":"2019-07-08T15:12:00","modified_gmt":"2019-07-08T15:12:00","slug":"ugyviteli-tanacsadas","status":"publish","type":"page","link":"https:\/\/www.schulmann.hu\/istvan\/soma-vagyok\/ugyviteli-tanacsadas\/","title":{"rendered":"\u00dcgyviteli tan\u00e1csad\u00e1s"},"content":{"rendered":"<p><span class=\"wpsdc-drop-cap\">A<\/span> k&ouml;zgazdas&aacute;gi szakk&ouml;z&eacute;piskol&aacute;t programoz&oacute; szakon v&eacute;geztem el. Ezek ut&aacute;n k&ouml;zgazd&aacute;szk&eacute;nt szereztem oklevelet a f&#337;iskol&aacute;n. Nem meglep&#337; &eacute;s szerencs&eacute;s v&eacute;letlen kapcs&aacute;n legels&#337; munkahelyemt&#337;l kezd&#337;d&#337;en gazdas&aacute;gi &eacute;s informatikai ter&uuml;leteken p&aacute;rhuzamosan dolgoztam. Ezek alapj&aacute;n legink&aacute;bb <strong>gazdas&aacute;gi informatikus<\/strong>nak vallom magam.<\/p>\n<p>A szakmai utam alapj&aacute;n az al&aacute;bbi ter&uuml;leteken szereztem ismereteket:<\/p>\n<ul>\n<li>p&eacute;nz&uuml;gyi munkafolyamatok<\/li>\n<li>sz&aacute;mviteli feladatok ell&aacute;t&aacute;sa, vezet&eacute;se<\/li>\n<li>vezet&#337;i tapasztalatok<\/li>\n<li>k&ouml;lts&eacute;g kontrolling ismeretek, vezet&#337;i kimutat&aacute;si rendszerek k&eacute;sz&iacute;t&eacute;se<\/li>\n<li>projekt menedzseri k&eacute;pz&eacute;s &eacute;s tapasztalatok<\/li>\n<li>agilis projekt vezet&eacute;si ismeretek &eacute;s tapasztalatok<\/li>\n<li>ERP rendszer bevezet&eacute;sekkel kapcsolatos tapasztalatok: p&aacute;ly&aacute;ztat&aacute;s, kiv&aacute;laszt&aacute;s, megval&oacute;s&iacute;t&aacute;s, bevezet&eacute;s<\/li>\n<li>BPR tapasztalatok, megl&eacute;v&#337; rendszerek hat&eacute;konys&aacute;g&aacute;nak n&ouml;vel&eacute;se<\/li>\n<li>m&#369;k&ouml;d&#337; rendszerek &aacute;talak&iacute;t&aacute;sa, p&aacute;rhuzamos m&#369;k&ouml;dtet&eacute;se, tesztel&eacute;se<\/li>\n<li>saj&aacute;t rendszerek fejleszt&eacute;se, karbantart&aacute;sa<\/li>\n<li>oktat&aacute;si tapasztalatok<\/li>\n<li>&eacute;rt&eacute;kes&iacute;t&eacute;sei tapasztalatok<\/li>\n<li>min&#337;s&eacute;gbiztos&iacute;t&aacute;si tapasztalatok<\/li>\n<\/ul>\n<p>Munk&aacute;m sor&aacute;n rengeteg koll&eacute;g&aacute;val, &uuml;gyf&eacute;llel, kapcsolattart&oacute;val &uuml;tem le, a jelenlegi rendszereikt&#337;l elv&aacute;rt v&aacute;ltoz&aacute;sokr&oacute;l, az &uacute;j, egyedi rendszereikkel kapcsolatos elv&aacute;r&aacute;sokr&oacute;l, vagy ak&aacute;r egy &uacute;j rendszer bevezet&eacute;s&eacute;vel kapcsolatos k&iacute;v&aacute;ns&aacute;gokkal, &ouml;tletekkel, elv&aacute;r&aacute;sokkal kapcsolatban besz&eacute;lgetni. Ezeknek a megbesz&eacute;l&eacute;seknek a sor&aacute;n megtanultam a pontos dokument&aacute;ci&oacute; vezet&eacute;s, a folyamatok felel&#337;s&eacute;nek, id&#337;belis&eacute;g&eacute;nek meghat&aacute;roz&aacute;s&aacute;nak&nbsp;fontoss&aacute;g&aacute;t. Lehet&#337;s&eacute;gem volt sok &uacute;jra tervez&eacute;sre, a rugalmass&aacute;g gyakorl&aacute;s&aacute;ra, a fesz&iacute;tett munkatemp&oacute; alkalmank&eacute;nti probl&eacute;ma n&eacute;lk&uuml;li alkalmaz&aacute;s&aacute;ra.<\/p>\n<p>A 20+ &eacute;vnyi munkatapasztalat alapj&aacute;n &ndash; t&ouml;bbek k&ouml;z&ouml;tt &ndash; az al&aacute;bbi ter&uuml;leteken tudok seg&iacute;teni:<\/p>\n<ul>\n<li>munkafolyamatok felm&eacute;r&eacute;se, dokument&aacute;l&aacute;sa, optimaliz&aacute;l&aacute;sa, jav&iacute;t&aacute;sa<\/li>\n<li>best practices &aacute;tad&aacute;sa koll&eacute;g&aacute;knak<\/li>\n<li>business-coaching<\/li>\n<li>&uuml;gyviteli oktat&aacute;sok elv&eacute;gz&eacute;se (Excel, Office, hat&eacute;konys&aacute;g n&ouml;vel&#337; eszk&ouml;z&ouml;k, stb.)<\/li>\n<li>&uacute;j &uuml;gyviteli folyamatok kialak&iacute;t&aacute;sa<\/li>\n<\/ul>\n<h3><strong>Amennyiben &uacute;gy n&eacute;z ki, hogy egy&uuml;tt tudunk m&#369;k&ouml;dni, k&eacute;rlek, t&ouml;ltsd ki az al&aacute;bbi &#369;rlapot:<\/strong><\/h3>\n<div role=\"form\" class=\"wpcf7\" id=\"wpcf7-f5-o1\" lang=\"hu-HU\" dir=\"ltr\">\n<div class=\"screen-reader-response\"><p role=\"status\" aria-live=\"polite\" aria-atomic=\"true\"><\/p> <ul><\/ul><\/div>\n<form action=\"\/istvan\/wp-json\/wp\/v2\/pages\/474#wpcf7-f5-o1\" method=\"post\" class=\"wpcf7-form init\" novalidate=\"novalidate\" data-status=\"init\">\n<div style=\"display: none;\">\n<input type=\"hidden\" name=\"_wpcf7\" value=\"5\">\n<input type=\"hidden\" name=\"_wpcf7_version\" value=\"5.6.4\">\n<input type=\"hidden\" name=\"_wpcf7_locale\" value=\"hu_HU\">\n<input type=\"hidden\" name=\"_wpcf7_unit_tag\" value=\"wpcf7-f5-o1\">\n<input type=\"hidden\" name=\"_wpcf7_container_post\" value=\"0\">\n<input type=\"hidden\" name=\"_wpcf7_posted_data_hash\" value=\"\">\n<input type=\"hidden\" name=\"_wpcf7cf_hidden_group_fields\" value=\"[]\">\n<input type=\"hidden\" name=\"_wpcf7cf_hidden_groups\" value=\"[]\">\n<input type=\"hidden\" name=\"_wpcf7cf_visible_groups\" value=\"[]\">\n<input type=\"hidden\" name=\"_wpcf7cf_repeaters\" value=\"[]\">\n<input type=\"hidden\" name=\"_wpcf7cf_steps\" value=\"{}\">\n<input type=\"hidden\" name=\"_wpcf7cf_options\" value='{\"form_id\":5,\"conditions\":[],\"settings\":{\"animation\":\"yes\",\"animation_intime\":200,\"animation_outtime\":200,\"conditions_ui\":\"normal\",\"notice_dismissed\":false,\"notice_dismissed_rollback-cf7-5.3.2\":true,\"notice_dismissed_update-cf7-5.7.6\":true,\"notice_dismissed_update-cf7-5.9.3\":true}}'>\n<input type=\"hidden\" name=\"_wpcf7_recaptcha_response\" value=\"\">\n<\/div>\n<p><label> <b>N&eacute;v<\/b> - k&ouml;telez&#337;<br>\n    <span class=\"wpcf7-form-control-wrap\" data-name=\"your-name\"><input type=\"text\" name=\"your-name\" value=\"\" size=\"40\" class=\"wpcf7-form-control wpcf7-text wpcf7-validates-as-required\" aria-required=\"true\" aria-invalid=\"false\"><\/span> <\/label><\/p>\n<p><label> <b>Email c&iacute;m<\/b> - k&ouml;telez&#337; - <small>mindenk&eacute;ppen szeretn&eacute;k neked v&aacute;laszolni!<\/small><br>\n    <span class=\"wpcf7-form-control-wrap\" data-name=\"your-email\"><input type=\"email\" name=\"your-email\" value=\"\" size=\"40\" class=\"wpcf7-form-control wpcf7-text wpcf7-email wpcf7-validates-as-required wpcf7-validates-as-email\" aria-required=\"true\" aria-invalid=\"false\"><\/span> <\/label><\/p>\n<p><label> <b>Telefon<\/b> - <small>ha szeretn&eacute;d, hogy visszah&iacute;vjalak, k&eacute;rlek, add meg!<\/small><br>\n    <span class=\"wpcf7-form-control-wrap\" data-name=\"tel-657\"><input type=\"tel\" name=\"tel-657\" value=\"\" size=\"40\" class=\"wpcf7-form-control wpcf7-text wpcf7-tel wpcf7-validates-as-tel\" aria-invalid=\"false\"><\/span> <\/label><\/p>\n<p><label> <b>Miben seg&iacute;thetek?<\/b> - <small>K&eacute;rlek, &iacute;rd ide, vagy jel&ouml;ld be!<\/small><br>\n    <span class=\"wpcf7-form-control-wrap\" data-name=\"your-subject\"><input type=\"text\" name=\"your-subject\" value=\"\" size=\"40\" class=\"wpcf7-form-control wpcf7-text\" aria-invalid=\"false\"><\/span> <\/label><\/p>\n<p><span class=\"wpcf7-form-control-wrap\" data-name=\"checkbox-487\"><span class=\"wpcf7-form-control wpcf7-checkbox\"><span class=\"wpcf7-list-item first\"><input type=\"checkbox\" name=\"checkbox-487[]\" value=\"Weblapot szeretn&eacute;k\"><span class=\"wpcf7-list-item-label\">Weblapot szeretn&eacute;k<\/span><\/span><span class=\"wpcf7-list-item\"><input type=\"checkbox\" name=\"checkbox-487[]\" value=\"Egy programra van sz&uuml;ks&eacute;gem\"><span class=\"wpcf7-list-item-label\">Egy programra van sz&uuml;ks&eacute;gem<\/span><\/span><span class=\"wpcf7-list-item\"><input type=\"checkbox\" name=\"checkbox-487[]\" value=\"Fundamenta &uuml;gyem van\"><span class=\"wpcf7-list-item-label\">Fundamenta &uuml;gyem van<\/span><\/span><span class=\"wpcf7-list-item\"><input type=\"checkbox\" name=\"checkbox-487[]\" value=\"Szeretn&eacute;m az &uuml;zletemet fejleszteni\"><span class=\"wpcf7-list-item-label\">Szeretn&eacute;m az &uuml;zletemet fejleszteni<\/span><\/span><span class=\"wpcf7-list-item last\"><input type=\"checkbox\" name=\"checkbox-487[]\" value=\"Szeretn&eacute;m az &eacute;letemet fejleszteni\"><span class=\"wpcf7-list-item-label\">Szeretn&eacute;m az &eacute;letemet fejleszteni<\/span><\/span><\/span><\/span><\/p>\n<p><label> <b>&Uuml;zeneted<\/b> - <small>P&aacute;r sz&oacute;ban, mondatban, hogy tudjam, mivel k&eacute;sz&uuml;ljek, ha b&#337;vebben egyeztet&uuml;nk.<\/small><br>\n    <span class=\"wpcf7-form-control-wrap\" data-name=\"your-message\"><textarea name=\"your-message\" cols=\"40\" rows=\"10\" class=\"wpcf7-form-control wpcf7-textarea\" aria-invalid=\"false\"><\/textarea><\/span> <\/label><\/p>\n<p><input type=\"submit\" value=\"K&uuml;ld&eacute;s\" class=\"wpcf7-form-control has-spinner wpcf7-submit\"><\/p>\n<div class=\"wpcf7-response-output\" aria-hidden=\"true\"><\/div><\/form><\/div>\n<blockquote><p>A siker egy j&oacute; d&ouml;nt&eacute;s eredm&eacute;nye, a j&oacute; d&ouml;nt&eacute;s alapja a tapasztalat, a tapasztalat forr&aacute;sa pedig sokszor egy rossz d&ouml;nt&eacute;s. (Tony Robbins)<\/p><\/blockquote>\n","protected":false},"excerpt":{"rendered":"<p>A k&ouml;zgazdas&aacute;gi szakk&ouml;z&eacute;piskol&aacute;t programoz&oacute; szakon v&eacute;geztem el. Ezek ut&aacute;n k&ouml;zgazd&aacute;szk&eacute;nt szereztem oklevelet a f&#337;iskol&aacute;n. Nem meglep&#337; &eacute;s szerencs&eacute;s v&eacute;letlen kapcs&aacute;n legels&#337; munkahelyemt&#337;l kezd&#337;d&#337;en gazdas&aacute;gi &eacute;s informatikai ter&uuml;leteken p&aacute;rhuzamosan dolgoztam. Ezek alapj&aacute;n legink&aacute;bb gazdas&aacute;gi informatikusnak vallom magam. A szakmai utam alapj&aacute;n az al&aacute;bbi ter&uuml;leteken szereztem ismereteket: p&eacute;nz&uuml;gyi munkafolyamatok sz&aacute;mviteli feladatok ell&aacute;t&aacute;sa, vezet&eacute;se vezet&#337;i tapasztalatok k&ouml;lts&eacute;g kontrolling <a href=\"https:\/\/www.schulmann.hu\/istvan\/soma-vagyok\/ugyviteli-tanacsadas\/\" rel=\"nofollow\"><span class=\"sr-only\">Read more about &Uuml;gyviteli tan&aacute;csad&aacute;s<\/span>[&hellip;]<\/a><\/p>\n","protected":false},"author":1,"featured_media":0,"parent":481,"menu_order":0,"comment_status":"closed","ping_status":"closed","template":"","meta":{"om_disable_all_campaigns":false,"_monsterinsights_skip_tracking":false,"_monsterinsights_sitenote_active":false,"_monsterinsights_sitenote_note":"","_monsterinsights_sitenote_category":0,"ngg_post_thumbnail":0},"aioseo_notices":[],"_links":{"self":[{"href":"https:\/\/www.schulmann.hu\/istvan\/wp-json\/wp\/v2\/pages\/474"}],"collection":[{"href":"https:\/\/www.schulmann.hu\/istvan\/wp-json\/wp\/v2\/pages"}],"about":[{"href":"https:\/\/www.schulmann.hu\/istvan\/wp-json\/wp\/v2\/types\/page"}],"author":[{"embeddable":true,"href":"https:\/\/www.schulmann.hu\/istvan\/wp-json\/wp\/v2\/users\/1"}],"replies":[{"embeddable":true,"href":"https:\/\/www.schulmann.hu\/istvan\/wp-json\/wp\/v2\/comments?post=474"}],"version-history":[{"count":0,"href":"https:\/\/www.schulmann.hu\/istvan\/wp-json\/wp\/v2\/pages\/474\/revisions"}],"up":[{"embeddable":true,"href":"https:\/\/www.schulmann.hu\/istvan\/wp-json\/wp\/v2\/pages\/481"}],"wp:attachment":[{"href":"https:\/\/www.schulmann.hu\/istvan\/wp-json\/wp\/v2\/media?parent=474"}],"curies":[{"name":"wp","href":"https:\/\/api.w.org\/{rel}","templated":true}]}}