{"id":3403,"date":"2022-03-17T11:56:02","date_gmt":"2022-03-17T11:56:02","guid":{"rendered":"https:\/\/www.schulmann.hu\/istvan\/?page_id=3403"},"modified":"2022-03-17T11:57:47","modified_gmt":"2022-03-17T11:57:47","slug":"nezopont-utikalauz","status":"publish","type":"page","link":"https:\/\/www.schulmann.hu\/istvan\/soma-vagyok\/irasaim\/nezopont-utikalauz\/","title":{"rendered":"N\u00e9z\u0151pont \u00fatikalauz"},"content":{"rendered":"<p>S:o)ma &nbsp;<\/p>\n<p>N&eacute;z&#337;pont &uacute;tikalauz<\/p>\n<p>&nbsp;<\/p>\n<p>Ugye, hallottad m&aacute;r, hogy a nagy fejl&#337;d&eacute;st mindig nagy kataklizma el&#337;zi meg? &Eacute;n egyet &eacute;rtek ezzel! A vogonok az &eacute;n kis bolyg&oacute;mat sem k&iacute;m&eacute;lt&eacute;k, sz&oacute;val k&ouml;sz&ouml;n&ouml;m, volt kataklizma.<\/p>\n<p>Azt k&eacute;rdezed t&#337;lem, hogy mi&eacute;rt poszttraum&aacute;s n&ouml;veked&eacute;s &eacute;s nem poszttraum&aacute;s stressz lett bel&#337;le? Elmondom!<\/p>\n<p>&nbsp;<\/p>\n<p>A t&ouml;rt&eacute;net<\/p>\n<p>Tal&aacute;n te is l&aacute;ttad, hogy mikor az els&#337; szerelem foghegyr&#337;l veti oda, hogy &bdquo;Viszl&aacute;t, &eacute;s k&ouml;sz a halakat!&rdquo; sokan arra gondolunk, hogy nincs tov&aacute;bb. De azt&aacute;n megigaz&iacute;tjuk a r&ouml;vidnadr&aacute;gunkat, &aacute;t&uuml;l&uuml;nk a homokoz&oacute;b&oacute;l a hint&aacute;ra, s az &eacute;let megy tov&aacute;bb.<\/p>\n<p>A &bdquo;Vend&eacute;gl&#337; a vil&aacute;g v&eacute;g&eacute;n&rdquo; 41 &eacute;ves koromig ismeretlen hely volt sz&aacute;momra. Akkor azonban kem&eacute;nyen ber&uacute;gtam az ajtaj&aacute;t. Nekem ekkor k&ouml;sz&ouml;nt&eacute;k meg a halakat. Nem, ne gondold, hogy k&eacute;s&#337;n &eacute;r&#337; t&iacute;pus vagyok &ndash; 17 voltam, mikor megfogtam a kez&eacute;t, s 24 &eacute;ven &aacute;t nem engedtem el.<\/p>\n<p>&nbsp;<\/p>\n<p>A p&eacute;lda<\/p>\n<p>Tudod, p&aacute;r &eacute;vvel azel&#337;tt volt m&aacute;r egy &bdquo;viszl&aacute;t&rdquo; f&#337;pr&oacute;ba &ndash; amit term&eacute;szetesen ut&oacute;lag neveztem el &iacute;gy. Akkor m&eacute;g nem tudtam, de ami 34 &eacute;vesen t&ouml;rt&eacute;nt velem, az felk&eacute;sz&iacute;tett a j&ouml;v&#337;re. A f&#337;pr&oacute;ba p&eacute;ld&aacute;t mutatott. Megismertette velem a depresszi&oacute;t, az &aacute;lmatlans&aacute;got, a munka undor&aacute;t, a test &eacute;tv&aacute;gytalans&aacute;g&aacute;t, a l&eacute;lek szenved&eacute;s&eacute;t.<\/p>\n<p>Ismertem az utat, ami fel&eacute; megint megl&oacute;dult az &#369;rhaj&oacute;m. Olyan &uacute;t volt ez, amit el kellett ker&uuml;ln&ouml;m! Egyszer&#369;en nem akartam oda ker&uuml;lni ahov&aacute; ez az &uacute; vezetett! &Uacute;gy &eacute;rzem, ez a felismer&eacute;s ind&iacute;totta el a fejl&#337;d&eacute;sem.<\/p>\n<p>Ha nem is tudtam, hov&aacute; igyekszem, azt mindenk&eacute;ppen j&oacute; volt tudni, hogy hov&aacute; nem akarok eljutni!<\/p>\n<p>&nbsp;<\/p>\n<p>Egy csipetnyi szerencse<\/p>\n<p>&Eacute;rted &ndash; ugye &ndash;, hogy &bdquo;Az &eacute;let, a vil&aacute;gmindens&eacute;g, meg minden&rdquo; nagyon t&aacute;voli lett.<\/p>\n<p>Volt egy t&eacute;tova k&iacute;s&eacute;rletem arra, hogy a kapcsolatommal egy&uuml;tt az &eacute;letemet is elengedjem. &Oacute;ri&aacute;si szerencse, hogy a k&iacute;s&eacute;rlet a maga komolys&aacute;g&aacute;val egy&uuml;tt t&eacute;tova volt.<\/p>\n<p>Szerencs&eacute;m volt, hogy sz&aacute;mot tudtam vetni azzal, milyen lenne, ha nem lenn&eacute;k a gyerekeimnek, testv&eacute;reimnek, bar&aacute;taimnak. Szerencse, hogy ut&oacute;lag &aacute;t&eacute;lhettem sz&uuml;leim f&aacute;jdalm&aacute;t, mikor el tudtam nekik mondani, hogy k&ouml;szi, m&aacute;r j&oacute;l vagyok, de volt egy kis mal&#337;r.<\/p>\n<p>Az &eacute;n &uacute;tikalauzomban ez&eacute;rt szerepel ez a bekezd&eacute;s.<\/p>\n<p>&nbsp;<\/p>\n<p>A pszichol&oacute;gus<\/p>\n<p>Gondolhatod, hogy &uacute;gy &eacute;reztem, bajban vagyok. Azt k&eacute;pzeltem, j&oacute;l fog j&ouml;nni a seg&iacute;ts&eacute;g. Kerestem &eacute;s hamarosan megtal&aacute;ltam. Nyitott voltam. Tudtam, hogy ezzel nem vesz&iacute;thetek. Nem &eacute;reztem betegnek magamat, nem volt bennem sz&eacute;gyen.<\/p>\n<p>Seg&iacute;ts&eacute;gre szorul&oacute; ember voltam, s mertem seg&iacute;ts&eacute;get k&eacute;rni.<\/p>\n<p>Ha ezt furcs&aacute;nak tal&aacute;lod, jussanak eszedbe az akkor 11 &eacute;ves l&aacute;nyom mondatai: &bdquo;Apa, nagyon &ouml;r&uuml;l&ouml;k, hogy pszichol&oacute;gushoz m&eacute;sz. &#336;szint&eacute;n sz&oacute;lva nagyon nem szeretem ezt a magyar felfog&aacute;st, hogy aki oda megy az beteg. Sokkal jobban tetszik a nyugat-eur&oacute;pai hozz&aacute;&aacute;ll&aacute;s, ahol ez teljesen term&eacute;szetes dolog.&rdquo;<\/p>\n<p>J&oacute; pszichol&oacute;gusom volt. Nagyon sz&eacute;pen haladtunk el&#337;re k&eacute;z a k&eacute;zben. Sokat k&eacute;rdezett. Az &#337;szinte v&aacute;laszaim saj&aacute;t magamat &eacute;p&iacute;tett&eacute;k. Komoly munk&aacute;t v&eacute;gezt&uuml;nk mi ketten, ami att&oacute;l volt &eacute;rt&eacute;kes, hogy &eacute;n &#337;szint&eacute;n &aacute;lltam bele a saj&aacute;t &eacute;letembe, &#337; pedig profi m&oacute;dj&aacute;n v&eacute;gezte a dolg&aacute;t.<\/p>\n<p>Els&#337; alkalommal elmondta, hogy b&aacute;rmikor jogom van m&aacute;shov&aacute; menni. J&oacute; pszichol&oacute;gusom volt: sosem fordult meg a fejemben, hogy &eacute;lek ezzel a jogommal.<\/p>\n<p>&nbsp;<\/p>\n<p>Az &ouml;nismereti &uacute;t<\/p>\n<p>K&aacute;r, hogy nem volt&aacute;l ott &eacute;s nem hallottad, de nagyon sok k&eacute;rd&eacute;st tettem fel magamnak. Azt gondolom, sokan tesz&uuml;nk &iacute;gy. De nem az &eacute;rdekelt, hogy &bdquo;Mi&eacute;rt j&aacute;rtam &iacute;gy?&rdquo;, &bdquo;Mi&eacute;rt velem t&ouml;rt&eacute;nt ez?&rdquo; stb., mert r&aacute;j&ouml;ttem, hogy ezek k&eacute;rd&eacute;sek nem r&oacute;lam sz&oacute;lnak. Azokat a k&eacute;rd&eacute;seket kerestem, amik &ouml;nmagamra ir&aacute;nyultak. &bdquo;Mi az &eacute;n felel&#337;ss&eacute;gem ebben?&rdquo; &bdquo;Mit&#337;l f&eacute;lsz?&rdquo; &bdquo;Mi&eacute;rt rossz &eacute;rz&eacute;s ez neked?&rdquo; &bdquo;Mit vesz&iacute;tett&eacute;l?&rdquo;<\/p>\n<p>Kezdtem r&aacute;&eacute;rezni arra, hogyan kell magammal t&ouml;r&#337;dni.<\/p>\n<p>&nbsp;<\/p>\n<p>A besz&eacute;lget&eacute;sek<\/p>\n<p>Ide kapcsol&oacute;nak a csal&aacute;di, bar&aacute;ti, ismer&#337;si besz&eacute;lget&eacute;sek. A sz&aacute;momra ma m&aacute;r j&oacute;l ismert &bdquo;m&aacute;sik n&eacute;z&#337;pont&rdquo; fogalma. Sokat besz&eacute;lgettem.<\/p>\n<p>Ha gondolod, te tudatosan is v&aacute;laszthatod azt az utat, amire &eacute;n &ouml;szt&ouml;n&ouml;sen l&eacute;ptem &ndash; nem befel&eacute; fordultam, hanem kifel&eacute;.<\/p>\n<p>K&eacute;t dolog k&eacute;s&#337;bb v&aacute;lt vil&aacute;goss&aacute; ezzel az &ouml;szt&ouml;n&ouml;s &uacute;ttal kapcsolatban.<\/p>\n<p>Az egyik a &bdquo;ter&aacute;pi&aacute;s&rdquo; jellege. Ne csak gondolkodj! &Iacute;rd le! Zen&eacute;ld meg! Fesd le! Mondd el! Ezt &uacute;gy h&iacute;vj&aacute;k, hogy ter&aacute;pi&aacute;s &iacute;r&aacute;s, zen&eacute;l&eacute;s, fest&eacute;s. A l&eacute;nyeg, hogy a gondolkod&aacute;ssal ellent&eacute;tes agyi ter&uuml;letek dolgoznak ilyenkor, s ezzel az agy m&aacute;s fajta v&aacute;laszokat k&eacute;pes adni.<\/p>\n<p>A m&aacute;sik dolog a b&oacute;nusz k&eacute;rd&eacute;sek soks&aacute;ga volt. Elmes&eacute;lem, hogy &eacute;n mit gondolok. Te pedig egy olyan k&eacute;rd&eacute;st r&aacute;ntasz el&#337; vill&aacute;mgyorsan a farzsebedb&#337;l, ami nekem eszembe sem jutott volna. R&aacute;j&ouml;ttem, hogy id&#337;vel egyre gyorsabban tudok v&aacute;laszt adni a m&aacute;s k&uacute;tf&#337;b&#337;l sz&aacute;rmaz&oacute;, de az &eacute;n &eacute;letemre vonatkoz&oacute; k&eacute;rd&eacute;sekre.<\/p>\n<p>Kezdtem egyre jobban kiismerni magamat a saj&aacute;t &eacute;letemben.<\/p>\n<p>&nbsp;<\/p>\n<p>A tudom&aacute;ny<\/p>\n<p>Biztosan nem lep&#337;dsz meg, de elkezdett &eacute;rdekelni a pszichol&oacute;gia. Mi&eacute;rt &iacute;gy viselked&uuml;nk? Mik azok a szem&eacute;lyis&eacute;gt&iacute;pusok? Mi motiv&aacute;l? Mi mozgat? &Eacute;rz&eacute;sek. Hogyan vagyok &eacute;n ezzel? Csupa sz&aacute;momra izgalmas k&eacute;rd&eacute;s!<\/p>\n<p>Neves el&#337;ad&oacute;kat hallgattam meg sok t&eacute;m&aacute;ban. Nem, nem a divatos megmond&oacute; embereket, akik azt tan&iacute;tj&aacute;k, hogy fejben d&#337;l el minden! Olyanokat, akik val&oacute;ban tanult&aacute;k a seg&iacute;t&#337; szakm&aacute;t &eacute;s tartalmas el&#337;ad&aacute;sokat mutatnak be egy-egy ter&uuml;letr&#337;l.<\/p>\n<p>Elv&eacute;geztem k&eacute;t coaching tanfolyamot. No &ndash; ha valami &ndash;, akkor ez kataliz&aacute;lta igaz&aacute;n a bennem l&eacute;v&#337; dolgokat. A c&eacute;lom eszk&ouml;z&ouml;k megszerz&eacute;se volt a saj&aacute;t &eacute;letem jav&iacute;t&aacute;sa &eacute;rdek&eacute;ben. Ha jobb&aacute; tudom tenni az &eacute;letemet &eacute;s a m&aacute;sokkal val&oacute; kapcsolatomat, azzal csak nyerhetek &ndash; gondoltam kezdetben.<\/p>\n<p>T&ouml;bbet nyertem, mint gondoltam volna! Nagyon komoly &ouml;nismereti &uacute;t volt &eacute;s nagyon komoly szeml&eacute;letv&aacute;ltoz&aacute;st eredm&eacute;nyezett.<\/p>\n<p>&nbsp;<\/p>\n<p>A coach<\/p>\n<p>Ha m&aacute;r coaching, akkor kerestem magam mell&eacute; egy coachhot is.<\/p>\n<p>J&oacute; coachom volt. Nagyon sz&eacute;pen haladtunk el&#337;re k&eacute;z a k&eacute;zben. Sokat k&eacute;rdezett. Az &#337;szinte v&aacute;laszaim saj&aacute;t magamat &eacute;p&iacute;tett&eacute;k. Komoly munk&aacute;t v&eacute;gezt&uuml;nk mi ketten, ami att&oacute;l volt &eacute;rt&eacute;kes, hogy &eacute;n &#337;szint&eacute;n &aacute;lltam bele a saj&aacute;t &eacute;letembe, &#337; pedig profi m&oacute;dj&aacute;n v&eacute;gezte a dolg&aacute;t.<\/p>\n<p>&nbsp;<\/p>\n<p>Az eredm&eacute;ny<\/p>\n<p>Most m&aacute;r tal&aacute;n &eacute;rted, mit&#337;l lett fejl&#337;d&eacute;s? A kataklizma ut&aacute;n a j&oacute; id&#337;ben j&ouml;tt felismer&eacute;s, egy csipetnyi szerencse &eacute;s nagyon sok &ouml;nismereti munka volt a recept.<\/p>\n<p>K&eacute;rdezted, hogy miben v&aacute;ltozott meg az &eacute;letem az elm&uacute;lt &eacute;vekben.<\/p>\n<p>Mindenben!<\/p>\n<p>&bdquo;Jobb&aacute;ra &aacute;rtalmatlan&rdquo; lettem: egy &uacute;j n&eacute;z&#337;pontb&oacute;l l&aacute;tom a saj&aacute;t &eacute;letemet!<\/p>\n","protected":false},"excerpt":{"rendered":"<p>S:o)ma &nbsp; N&eacute;z&#337;pont &uacute;tikalauz &nbsp; Ugye, hallottad m&aacute;r, hogy a nagy fejl&#337;d&eacute;st mindig nagy kataklizma el&#337;zi meg? &Eacute;n egyet &eacute;rtek ezzel! A vogonok az &eacute;n kis bolyg&oacute;mat sem k&iacute;m&eacute;lt&eacute;k, sz&oacute;val k&ouml;sz&ouml;n&ouml;m, volt kataklizma. Azt k&eacute;rdezed t&#337;lem, hogy mi&eacute;rt poszttraum&aacute;s n&ouml;veked&eacute;s &eacute;s nem poszttraum&aacute;s stressz lett bel&#337;le? Elmondom! &nbsp; A t&ouml;rt&eacute;net Tal&aacute;n te is l&aacute;ttad, hogy <a href=\"https:\/\/www.schulmann.hu\/istvan\/soma-vagyok\/irasaim\/nezopont-utikalauz\/\" rel=\"nofollow\"><span class=\"sr-only\">Read more about N&eacute;z&#337;pont &uacute;tikalauz<\/span>[&hellip;]<\/a><\/p>\n","protected":false},"author":1,"featured_media":0,"parent":3390,"menu_order":0,"comment_status":"closed","ping_status":"closed","template":"","meta":{"om_disable_all_campaigns":false,"_monsterinsights_skip_tracking":false,"_monsterinsights_sitenote_active":false,"_monsterinsights_sitenote_note":"","_monsterinsights_sitenote_category":0,"ngg_post_thumbnail":0},"aioseo_notices":[],"_links":{"self":[{"href":"https:\/\/www.schulmann.hu\/istvan\/wp-json\/wp\/v2\/pages\/3403"}],"collection":[{"href":"https:\/\/www.schulmann.hu\/istvan\/wp-json\/wp\/v2\/pages"}],"about":[{"href":"https:\/\/www.schulmann.hu\/istvan\/wp-json\/wp\/v2\/types\/page"}],"author":[{"embeddable":true,"href":"https:\/\/www.schulmann.hu\/istvan\/wp-json\/wp\/v2\/users\/1"}],"replies":[{"embeddable":true,"href":"https:\/\/www.schulmann.hu\/istvan\/wp-json\/wp\/v2\/comments?post=3403"}],"version-history":[{"count":3,"href":"https:\/\/www.schulmann.hu\/istvan\/wp-json\/wp\/v2\/pages\/3403\/revisions"}],"predecessor-version":[{"id":3405,"href":"https:\/\/www.schulmann.hu\/istvan\/wp-json\/wp\/v2\/pages\/3403\/revisions\/3405"}],"up":[{"embeddable":true,"href":"https:\/\/www.schulmann.hu\/istvan\/wp-json\/wp\/v2\/pages\/3390"}],"wp:attachment":[{"href":"https:\/\/www.schulmann.hu\/istvan\/wp-json\/wp\/v2\/media?parent=3403"}],"curies":[{"name":"wp","href":"https:\/\/api.w.org\/{rel}","templated":true}]}}